{"id":227,"date":"2025-12-20T11:46:09","date_gmt":"2025-12-20T11:46:09","guid":{"rendered":"https:\/\/demo5.newmediaguru.co\/bestattungen-anton-wp\/?page_id=227"},"modified":"2026-01-28T07:59:17","modified_gmt":"2026-01-28T07:59:17","slug":"stellenangebote","status":"publish","type":"page","link":"https:\/\/demo5.newmediaguru.co\/bestattungen-anton-wp\/ueber-uns\/stellenangebote\/","title":{"rendered":"Stellenangebote"},"content":{"rendered":"\t\t<div data-elementor-type=\"wp-page\" data-elementor-id=\"227\" class=\"elementor elementor-227\" data-elementor-post-type=\"page\">\n\t\t\t\t<div class=\"elementor-element elementor-element-1b19f25 e-flex e-con-boxed e-con e-parent\" data-id=\"1b19f25\" data-element_type=\"container\">\n\t\t\t\t\t<div class=\"e-con-inner\">\n\t\t<div class=\"elementor-element elementor-element-9570d67 e-con-full e-flex e-con e-child\" data-id=\"9570d67\" data-element_type=\"container\" data-settings=\"{&quot;background_background&quot;:&quot;classic&quot;}\">\n\t\t\t\t<div class=\"elementor-element elementor-element-d2a9e8b elementor-widget__width-initial h1-main_heading elementor-widget elementor-widget-heading\" data-id=\"d2a9e8b\" data-element_type=\"widget\" data-widget_type=\"heading.default\">\n\t\t\t\t\t<h1 class=\"elementor-heading-title elementor-size-default\">Verst\u00e4rken Sie unser Team \u2013\naktuelle Stellenangebote.<\/h1>\t\t\t\t<\/div>\n\t\t<div class=\"elementor-element elementor-element-b13b669 e-con-full e-flex e-con e-child\" data-id=\"b13b669\" data-element_type=\"container\">\n\t\t<div class=\"elementor-element elementor-element-9b972ea e-con-full e-flex e-con e-child\" data-id=\"9b972ea\" data-element_type=\"container\">\n\t\t\t\t<div class=\"elementor-element elementor-element-0e4b4a4 elementor-widget elementor-widget-text-editor\" data-id=\"0e4b4a4\" data-element_type=\"widget\" data-widget_type=\"text-editor.default\">\n\t\t\t\t\t\t\t\t\t<p>Sie m\u00f6chten trauernden Familien zur Seite stehen und dabei helfen, Verstorbenen einen w\u00fcrdevollen Abschied zu erm\u00f6glichen? Das Team von ANTON Bestattungen freut sich \u00fcber Unterst\u00fctzung!<\/p><p>Auf dieser Seite ver\u00f6ffentlichen wir unsere Stellen\u00adangebote, Sie k\u00f6nnen sich aber auch jederzeit initiativ bei uns bewerben \u2013 bevorzugt per E-Mail an\u00a0<a class=\"email\" href=\"mailto:personal@bestattungen-anton.de\">personal@bestattungen-anton.de<\/a>.<\/p>\t\t\t\t\t\t\t\t<\/div>\n\t\t\t\t<\/div>\n\t\t<div class=\"elementor-element elementor-element-e9c452a e-con-full e-flex e-con e-child\" data-id=\"e9c452a\" data-element_type=\"container\">\n\t\t\t\t<div class=\"elementor-element elementor-element-0e8bd1d elementor-widget elementor-widget-text-editor\" data-id=\"0e8bd1d\" data-element_type=\"widget\" data-widget_type=\"text-editor.default\">\n\t\t\t\t\t\t\t\t\t<p>Bitte beachten Sie unsere<br \/><a href=\"bewerberrichtlinie_datenschutzin\" target=\"_blank\" rel=\"nofollow noopener\">Bewerberrichtlinien &amp; Datenschutzinformation\u00a0<\/a>.<\/p>\t\t\t\t\t\t\t\t<\/div>\n\t\t\t\t<\/div>\n\t\t\t\t<\/div>\n\t\t\t\t<\/div>\n\t\t<div class=\"elementor-element elementor-element-193ad20 e-con-full e-flex e-con e-child\" data-id=\"193ad20\" data-element_type=\"container\" data-settings=\"{&quot;background_background&quot;:&quot;classic&quot;}\">\n\t\t<div class=\"elementor-element elementor-element-109bc6e e-con-full e-flex e-con e-child\" data-id=\"109bc6e\" data-element_type=\"container\" data-settings=\"{&quot;background_background&quot;:&quot;classic&quot;}\">\n\t\t<div class=\"elementor-element elementor-element-bdc4676 e-con-full e-flex e-con e-child\" data-id=\"bdc4676\" data-element_type=\"container\">\n\t\t\t\t<div class=\"elementor-element elementor-element-38328fd elementor-widget elementor-widget-heading\" data-id=\"38328fd\" data-element_type=\"widget\" data-widget_type=\"heading.default\">\n\t\t\t\t\t<h3 class=\"elementor-heading-title elementor-size-default\">Stellenname<\/h3>\t\t\t\t<\/div>\n\t\t\t\t<div class=\"elementor-element elementor-element-5bfb86f elementor-widget elementor-widget-text-editor\" data-id=\"5bfb86f\" data-element_type=\"widget\" data-widget_type=\"text-editor.default\">\n\t\t\t\t\t\t\t\t\t<div class=\"coveto_footer\">\n\n<a class=\"coveto_impressum_link\" href=\"https:\/\/demo5.newmediaguru.co\/bestattungen-anton-wp\/impressum\" target=\"_blank\" rel=\"noopener\">Impressum<\/a>\n\n<span class=\"coveto_divider\">\u2022<\/span>\n\n<a class=\"coveto_datenschutz_link\" href=\"https:\/\/demo5.newmediaguru.co\/bestattungen-anton-wp\/wp-content\/uploads\/2025\/12\/bewerberrichtlinie_datenschutzin.pdf\" target=\"_blank\" rel=\"noopener\">Datenschutzerkl\u00e4rung<\/a>\n\n<\/div>\t\t\t\t\t\t\t\t<\/div>\n\t\t\t\t<\/div>\n\t\t\t\t<\/div>\n\t\t\t\t<\/div>\n\t\t\t\t\t<\/div>\n\t\t\t\t<\/div>\n\t\t\t\t<\/div>\n\t\t","protected":false},"excerpt":{"rendered":"<p>Verst\u00e4rken Sie unser Team \u2013 aktuelle Stellenangebote. Sie m\u00f6chten trauernden Familien zur Seite stehen und dabei helfen, Verstorbenen einen w\u00fcrdevollen Abschied zu erm\u00f6glichen? Das Team von ANTON Bestattungen freut sich \u00fcber Unterst\u00fctzung! Auf dieser Seite ver\u00f6ffentlichen wir unsere Stellen\u00adangebote, Sie k\u00f6nnen sich aber auch jederzeit initiativ bei uns bewerben \u2013 bevorzugt per E-Mail an\u00a0personal@bestattungen-anton.de. Bitte [&hellip;]<\/p>\n","protected":false},"author":1,"featured_media":688,"parent":546,"menu_order":0,"comment_status":"closed","ping_status":"closed","template":"","meta":{"footnotes":""},"class_list":["post-227","page","type-page","status-publish","has-post-thumbnail","hentry"],"yoast_head":"<!-- This site is optimized with the Yoast SEO plugin v26.6 - https:\/\/yoast.com\/wordpress\/plugins\/seo\/ -->\n<title>Stellenangebote - bestattungen-anton-wp<\/title>\n<meta name=\"robots\" content=\"noindex, follow, max-snippet:-1, max-image-preview:large, max-video-preview:-1\" \/>\n<meta property=\"og:locale\" content=\"de_DE\" \/>\n<meta property=\"og:type\" content=\"article\" \/>\n<meta property=\"og:title\" content=\"Stellenangebote - bestattungen-anton-wp\" \/>\n<meta property=\"og:description\" content=\"Verst\u00e4rken Sie unser Team \u2013 aktuelle Stellenangebote. Sie m\u00f6chten trauernden Familien zur Seite stehen und dabei helfen, Verstorbenen einen w\u00fcrdevollen Abschied zu erm\u00f6glichen? Das Team von ANTON Bestattungen freut sich \u00fcber Unterst\u00fctzung! Auf dieser Seite ver\u00f6ffentlichen wir unsere Stellen\u00adangebote, Sie k\u00f6nnen sich aber auch jederzeit initiativ bei uns bewerben \u2013 bevorzugt per E-Mail an\u00a0personal@bestattungen-anton.de. Bitte [&hellip;]\" \/>\n<meta property=\"og:url\" content=\"https:\/\/demo5.newmediaguru.co\/bestattungen-anton-wp\/ueber-uns\/stellenangebote\/\" \/>\n<meta property=\"og:site_name\" content=\"bestattungen-anton-wp\" \/>\n<meta property=\"article:modified_time\" content=\"2026-01-28T07:59:17+00:00\" \/>\n<meta property=\"og:image\" content=\"https:\/\/demo5.newmediaguru.co\/bestattungen-anton-wp\/wp-content\/uploads\/2025\/12\/3_h_optional3.jpg\" \/>\n\t<meta property=\"og:image:width\" content=\"2000\" \/>\n\t<meta property=\"og:image:height\" content=\"1333\" \/>\n\t<meta property=\"og:image:type\" content=\"image\/jpeg\" \/>\n<meta name=\"twitter:card\" content=\"summary_large_image\" \/>\n<meta name=\"twitter:label1\" content=\"Gesch\u00e4tzte Lesezeit\" \/>\n\t<meta name=\"twitter:data1\" content=\"1\u00a0Minute\" \/>\n<script type=\"application\/ld+json\" class=\"yoast-schema-graph\">{\"@context\":\"https:\/\/schema.org\",\"@graph\":[{\"@type\":\"WebPage\",\"@id\":\"https:\/\/demo5.newmediaguru.co\/bestattungen-anton-wp\/ueber-uns\/stellenangebote\/\",\"url\":\"https:\/\/demo5.newmediaguru.co\/bestattungen-anton-wp\/ueber-uns\/stellenangebote\/\",\"name\":\"Stellenangebote - bestattungen-anton-wp\",\"isPartOf\":{\"@id\":\"https:\/\/demo5.newmediaguru.co\/bestattungen-anton-wp\/#website\"},\"primaryImageOfPage\":{\"@id\":\"https:\/\/demo5.newmediaguru.co\/bestattungen-anton-wp\/ueber-uns\/stellenangebote\/#primaryimage\"},\"image\":{\"@id\":\"https:\/\/demo5.newmediaguru.co\/bestattungen-anton-wp\/ueber-uns\/stellenangebote\/#primaryimage\"},\"thumbnailUrl\":\"https:\/\/demo5.newmediaguru.co\/bestattungen-anton-wp\/wp-content\/uploads\/2025\/12\/3_h_optional3.jpg\",\"datePublished\":\"2025-12-20T11:46:09+00:00\",\"dateModified\":\"2026-01-28T07:59:17+00:00\",\"breadcrumb\":{\"@id\":\"https:\/\/demo5.newmediaguru.co\/bestattungen-anton-wp\/ueber-uns\/stellenangebote\/#breadcrumb\"},\"inLanguage\":\"de\",\"potentialAction\":[{\"@type\":\"ReadAction\",\"target\":[\"https:\/\/demo5.newmediaguru.co\/bestattungen-anton-wp\/ueber-uns\/stellenangebote\/\"]}]},{\"@type\":\"ImageObject\",\"inLanguage\":\"de\",\"@id\":\"https:\/\/demo5.newmediaguru.co\/bestattungen-anton-wp\/ueber-uns\/stellenangebote\/#primaryimage\",\"url\":\"https:\/\/demo5.newmediaguru.co\/bestattungen-anton-wp\/wp-content\/uploads\/2025\/12\/3_h_optional3.jpg\",\"contentUrl\":\"https:\/\/demo5.newmediaguru.co\/bestattungen-anton-wp\/wp-content\/uploads\/2025\/12\/3_h_optional3.jpg\",\"width\":2000,\"height\":1333},{\"@type\":\"BreadcrumbList\",\"@id\":\"https:\/\/demo5.newmediaguru.co\/bestattungen-anton-wp\/ueber-uns\/stellenangebote\/#breadcrumb\",\"itemListElement\":[{\"@type\":\"ListItem\",\"position\":1,\"name\":\"Home\",\"item\":\"https:\/\/demo5.newmediaguru.co\/bestattungen-anton-wp\/\"},{\"@type\":\"ListItem\",\"position\":2,\"name\":\"ueber-uns\",\"item\":\"https:\/\/demo5.newmediaguru.co\/bestattungen-anton-wp\/ueber-uns\/\"},{\"@type\":\"ListItem\",\"position\":3,\"name\":\"Stellenangebote\"}]},{\"@type\":\"WebSite\",\"@id\":\"https:\/\/demo5.newmediaguru.co\/bestattungen-anton-wp\/#website\",\"url\":\"https:\/\/demo5.newmediaguru.co\/bestattungen-anton-wp\/\",\"name\":\"bestattungen-anton-wp\",\"description\":\"\",\"publisher\":{\"@id\":\"https:\/\/demo5.newmediaguru.co\/bestattungen-anton-wp\/#organization\"},\"potentialAction\":[{\"@type\":\"SearchAction\",\"target\":{\"@type\":\"EntryPoint\",\"urlTemplate\":\"https:\/\/demo5.newmediaguru.co\/bestattungen-anton-wp\/?s={search_term_string}\"},\"query-input\":{\"@type\":\"PropertyValueSpecification\",\"valueRequired\":true,\"valueName\":\"search_term_string\"}}],\"inLanguage\":\"de\"},{\"@type\":\"Organization\",\"@id\":\"https:\/\/demo5.newmediaguru.co\/bestattungen-anton-wp\/#organization\",\"name\":\"bestattungen-anton-wp\",\"url\":\"https:\/\/demo5.newmediaguru.co\/bestattungen-anton-wp\/\",\"logo\":{\"@type\":\"ImageObject\",\"inLanguage\":\"de\",\"@id\":\"https:\/\/demo5.newmediaguru.co\/bestattungen-anton-wp\/#\/schema\/logo\/image\/\",\"url\":\"https:\/\/demo5.newmediaguru.co\/bestattungen-anton-wp\/wp-content\/uploads\/2025\/12\/2024_anton_logo_zeichen_links-c43a58d9.png\",\"contentUrl\":\"https:\/\/demo5.newmediaguru.co\/bestattungen-anton-wp\/wp-content\/uploads\/2025\/12\/2024_anton_logo_zeichen_links-c43a58d9.png\",\"width\":500,\"height\":125,\"caption\":\"bestattungen-anton-wp\"},\"image\":{\"@id\":\"https:\/\/demo5.newmediaguru.co\/bestattungen-anton-wp\/#\/schema\/logo\/image\/\"}}]}<\/script>\n<!-- \/ Yoast SEO plugin. -->","yoast_head_json":{"title":"Stellenangebote - bestattungen-anton-wp","robots":{"index":"noindex","follow":"follow","max-snippet":"max-snippet:-1","max-image-preview":"max-image-preview:large","max-video-preview":"max-video-preview:-1"},"og_locale":"de_DE","og_type":"article","og_title":"Stellenangebote - bestattungen-anton-wp","og_description":"Verst\u00e4rken Sie unser Team \u2013 aktuelle Stellenangebote. Sie m\u00f6chten trauernden Familien zur Seite stehen und dabei helfen, Verstorbenen einen w\u00fcrdevollen Abschied zu erm\u00f6glichen? Das Team von ANTON Bestattungen freut sich \u00fcber Unterst\u00fctzung! Auf dieser Seite ver\u00f6ffentlichen wir unsere Stellen\u00adangebote, Sie k\u00f6nnen sich aber auch jederzeit initiativ bei uns bewerben \u2013 bevorzugt per E-Mail an\u00a0personal@bestattungen-anton.de. Bitte [&hellip;]","og_url":"https:\/\/demo5.newmediaguru.co\/bestattungen-anton-wp\/ueber-uns\/stellenangebote\/","og_site_name":"bestattungen-anton-wp","article_modified_time":"2026-01-28T07:59:17+00:00","og_image":[{"width":2000,"height":1333,"url":"https:\/\/demo5.newmediaguru.co\/bestattungen-anton-wp\/wp-content\/uploads\/2025\/12\/3_h_optional3.jpg","type":"image\/jpeg"}],"twitter_card":"summary_large_image","twitter_misc":{"Gesch\u00e4tzte Lesezeit":"1\u00a0Minute"},"schema":{"@context":"https:\/\/schema.org","@graph":[{"@type":"WebPage","@id":"https:\/\/demo5.newmediaguru.co\/bestattungen-anton-wp\/ueber-uns\/stellenangebote\/","url":"https:\/\/demo5.newmediaguru.co\/bestattungen-anton-wp\/ueber-uns\/stellenangebote\/","name":"Stellenangebote - bestattungen-anton-wp","isPartOf":{"@id":"https:\/\/demo5.newmediaguru.co\/bestattungen-anton-wp\/#website"},"primaryImageOfPage":{"@id":"https:\/\/demo5.newmediaguru.co\/bestattungen-anton-wp\/ueber-uns\/stellenangebote\/#primaryimage"},"image":{"@id":"https:\/\/demo5.newmediaguru.co\/bestattungen-anton-wp\/ueber-uns\/stellenangebote\/#primaryimage"},"thumbnailUrl":"https:\/\/demo5.newmediaguru.co\/bestattungen-anton-wp\/wp-content\/uploads\/2025\/12\/3_h_optional3.jpg","datePublished":"2025-12-20T11:46:09+00:00","dateModified":"2026-01-28T07:59:17+00:00","breadcrumb":{"@id":"https:\/\/demo5.newmediaguru.co\/bestattungen-anton-wp\/ueber-uns\/stellenangebote\/#breadcrumb"},"inLanguage":"de","potentialAction":[{"@type":"ReadAction","target":["https:\/\/demo5.newmediaguru.co\/bestattungen-anton-wp\/ueber-uns\/stellenangebote\/"]}]},{"@type":"ImageObject","inLanguage":"de","@id":"https:\/\/demo5.newmediaguru.co\/bestattungen-anton-wp\/ueber-uns\/stellenangebote\/#primaryimage","url":"https:\/\/demo5.newmediaguru.co\/bestattungen-anton-wp\/wp-content\/uploads\/2025\/12\/3_h_optional3.jpg","contentUrl":"https:\/\/demo5.newmediaguru.co\/bestattungen-anton-wp\/wp-content\/uploads\/2025\/12\/3_h_optional3.jpg","width":2000,"height":1333},{"@type":"BreadcrumbList","@id":"https:\/\/demo5.newmediaguru.co\/bestattungen-anton-wp\/ueber-uns\/stellenangebote\/#breadcrumb","itemListElement":[{"@type":"ListItem","position":1,"name":"Home","item":"https:\/\/demo5.newmediaguru.co\/bestattungen-anton-wp\/"},{"@type":"ListItem","position":2,"name":"ueber-uns","item":"https:\/\/demo5.newmediaguru.co\/bestattungen-anton-wp\/ueber-uns\/"},{"@type":"ListItem","position":3,"name":"Stellenangebote"}]},{"@type":"WebSite","@id":"https:\/\/demo5.newmediaguru.co\/bestattungen-anton-wp\/#website","url":"https:\/\/demo5.newmediaguru.co\/bestattungen-anton-wp\/","name":"bestattungen-anton-wp","description":"","publisher":{"@id":"https:\/\/demo5.newmediaguru.co\/bestattungen-anton-wp\/#organization"},"potentialAction":[{"@type":"SearchAction","target":{"@type":"EntryPoint","urlTemplate":"https:\/\/demo5.newmediaguru.co\/bestattungen-anton-wp\/?s={search_term_string}"},"query-input":{"@type":"PropertyValueSpecification","valueRequired":true,"valueName":"search_term_string"}}],"inLanguage":"de"},{"@type":"Organization","@id":"https:\/\/demo5.newmediaguru.co\/bestattungen-anton-wp\/#organization","name":"bestattungen-anton-wp","url":"https:\/\/demo5.newmediaguru.co\/bestattungen-anton-wp\/","logo":{"@type":"ImageObject","inLanguage":"de","@id":"https:\/\/demo5.newmediaguru.co\/bestattungen-anton-wp\/#\/schema\/logo\/image\/","url":"https:\/\/demo5.newmediaguru.co\/bestattungen-anton-wp\/wp-content\/uploads\/2025\/12\/2024_anton_logo_zeichen_links-c43a58d9.png","contentUrl":"https:\/\/demo5.newmediaguru.co\/bestattungen-anton-wp\/wp-content\/uploads\/2025\/12\/2024_anton_logo_zeichen_links-c43a58d9.png","width":500,"height":125,"caption":"bestattungen-anton-wp"},"image":{"@id":"https:\/\/demo5.newmediaguru.co\/bestattungen-anton-wp\/#\/schema\/logo\/image\/"}}]}},"_links":{"self":[{"href":"https:\/\/demo5.newmediaguru.co\/bestattungen-anton-wp\/wp-json\/wp\/v2\/pages\/227","targetHints":{"allow":["GET"]}}],"collection":[{"href":"https:\/\/demo5.newmediaguru.co\/bestattungen-anton-wp\/wp-json\/wp\/v2\/pages"}],"about":[{"href":"https:\/\/demo5.newmediaguru.co\/bestattungen-anton-wp\/wp-json\/wp\/v2\/types\/page"}],"author":[{"embeddable":true,"href":"https:\/\/demo5.newmediaguru.co\/bestattungen-anton-wp\/wp-json\/wp\/v2\/users\/1"}],"replies":[{"embeddable":true,"href":"https:\/\/demo5.newmediaguru.co\/bestattungen-anton-wp\/wp-json\/wp\/v2\/comments?post=227"}],"version-history":[{"count":88,"href":"https:\/\/demo5.newmediaguru.co\/bestattungen-anton-wp\/wp-json\/wp\/v2\/pages\/227\/revisions"}],"predecessor-version":[{"id":1721,"href":"https:\/\/demo5.newmediaguru.co\/bestattungen-anton-wp\/wp-json\/wp\/v2\/pages\/227\/revisions\/1721"}],"up":[{"embeddable":true,"href":"https:\/\/demo5.newmediaguru.co\/bestattungen-anton-wp\/wp-json\/wp\/v2\/pages\/546"}],"wp:featuredmedia":[{"embeddable":true,"href":"https:\/\/demo5.newmediaguru.co\/bestattungen-anton-wp\/wp-json\/wp\/v2\/media\/688"}],"wp:attachment":[{"href":"https:\/\/demo5.newmediaguru.co\/bestattungen-anton-wp\/wp-json\/wp\/v2\/media?parent=227"}],"curies":[{"name":"wp","href":"https:\/\/api.w.org\/{rel}","templated":true}]}}